{"id":1906,"date":"2024-02-20T08:47:37","date_gmt":"2024-02-20T07:47:37","guid":{"rendered":"https:\/\/artigarden.es\/inicio\/"},"modified":"2024-06-21T11:56:14","modified_gmt":"2024-06-21T09:56:14","slug":"inicio","status":"publish","type":"page","link":"https:\/\/artigarden.es\/ca\/","title":{"rendered":"Inici"},"content":{"rendered":"<div class=\"wpb-content-wrapper\"><p>[vc_row][vc_column][rev_slider_vc alias=&#8221;inicio-1&#8243;][\/vc_column][\/vc_row][vc_row css=&#8221;.vc_custom_1580387530789{padding-top: 100px !important;padding-right: 15px !important;padding-bottom: 90px !important;padding-left: 15px !important;}&#8221;][vc_column width=&#8221;1\/2&#8243;]\r\n<div class=\"about_inner_fr  style-6  \">\r\n   \r\n   <div class=\"img_one\"><img decoding=\"async\" src=\"https:\/\/artigarden.es\/wp-content\/uploads\/2024\/05\/Artigarden-construcciones.jpg\" alt=\"\">\r\n   <\/div>\r\n   \r\n   <div class=\"img_two\">\r\n      <img decoding=\"async\" src=\"\" alt=\"\">\r\n      <span class=\"icon fa fa-leaf\" style=''><\/span>\r\n   <\/div>\r\n   \r\n<\/div>\r\n[\/vc_column][vc_column width=&#8221;1\/2&#8243;]\r\n<div class=\"section-title\">\r\n   <div class=\"row\">\r\n      <div class=\"col-lg-12\">\r\n         <div class=\"heading type_two\"  style='padding: 0px 0px 0px 0px ; margin-bottom: 20px; text-align: left;'>\r\n            <h2 class=\"title_main \" style=\" \">\r\n               Sobre nosaltres\r\n            <\/h2>\r\n            <h1 class=\"title_sub \" style=\" \">Experts en jardineria<\/h1>\r\n            <p><\/p>\r\n         <\/div>\r\n      <\/div>\r\n   <\/div>\r\n<\/div>\r\n[vc_column_text css=&#8221;.vc_custom_1717151470548{padding-bottom: 30px !important;}&#8221;]<\/p>\n<p style=\"text-align: justify;\"><strong>Artigarden<\/strong>\u00a0som una empresa dedicada al subministrament de materials de jardineria des de fa m\u00e9s de 15 anys.<\/p>\n<p>&nbsp;<\/p>\n<p style=\"text-align: justify;\">Ens especialitzem a crear productes per a la construcci\u00f3 i el manteniment de parcs, espais verds p\u00fablics i privats. Tamb\u00e9 oferim una \u00e0mplia gamma de productes per a la seva decoraci\u00f3.<\/p>\n<p>&nbsp;<\/p>\n<p>Disposem de camions propis, perqu\u00e8 puguis triar segons la teva necessitat i espai, tant saques com material a granel.[\/vc_column_text]\r\n<div class=\"custom_button style-1\" style='text-align: center; float: none;'>\r\n   <a href=\"https:\/\/artigarden.es\/ca\/artigarden\/\" class=\"themebtn \" style='background-color: #209e2e; border-color: #209e2e;  border-style: solid; font-weight: 600; color: #ffffff; text-transform: uppercase; display: inline-block; line-height: 58px; width: 180px; height: 60px; border-width: 2px; border-radius: 50px; margin: 20px 0px 0px; '>\r\n   Coneix-nos\r\n   <\/a>\t\r\n<\/div>\r\n[\/vc_column][\/vc_row][vc_row css=&#8221;.vc_custom_1580540065252{padding-top: 90px !important;padding-right: 15px !important;padding-bottom: 90px !important;padding-left: 15px !important;background-image: url(http:\/\/themepanthers.com\/wp\/lawnella\/wpbakery\/wp-content\/uploads\/2020\/01\/get-a-quote-home-1-bg.jpg?id=221) !important;background-position: center !important;background-repeat: no-repeat !important;background-size: cover !important;}&#8221;][vc_column][vc_column_text css=&#8221;.vc_custom_1717151522478{padding-bottom: 30px !important;}&#8221;]<\/p>\n<div class=\"gt_qute_inner\">\n<h1 class=\"title_sub \" style=\"text-align: center;\">Cat\u00e0leg de productes<\/h1>\n<div class=\"traductor-checkbox form-group\">\n<div class=\"row\">\n<div class=\"col-sm-offset-2 col-sm-5\"><\/div>\n<\/div>\n<\/div>\n<\/div>\n<p>[\/vc_column_text][vc_column_text css=&#8221;.vc_custom_1717151605163{padding-bottom: 30px !important;}&#8221;]<\/p>\n<div class=\"gt_qute_inner\">\n<h5 class=\"title_sub \" style=\"text-align: center;\"><span style=\"color: #ffffff;\">A Artigarden oferim el compost de terra vegetal, sorra de riu i compost vegetal, per a aconseguir una gespa natural en perfecte estat i perqu\u00e8 en regar penetri b\u00e9.\u00a0<\/span><\/h5>\n<\/div>\n<p>[\/vc_column_text]\r\n<div class=\"custom_button style-1\" style='text-align: center; float: none;'>\r\n   <a href=\"https:\/\/artigarden.es\/ca\/productes\/\" class=\"themebtn \" style='background-color: rgba(255,255,255,0.01); border-color: #ffffff;  border-style: solid; font-weight: 600; color: #f9f9f9; text-transform: uppercase; display: inline-block; line-height: 58px; width: 180px; height: 60px; border-width: 2px; border-radius: 50px; margin: 20px 0px 0px; '>\r\n   Productes\r\n   <\/a>\t\r\n<\/div>\r\n[\/vc_column][\/vc_row][vc_row css=&#8221;.vc_custom_1580387530789{padding-top: 100px !important;padding-right: 15px !important;padding-bottom: 90px !important;padding-left: 15px !important;}&#8221;][vc_column width=&#8221;1\/2&#8243;]\r\n<div class=\"section-title\">\r\n   <div class=\"row\">\r\n      <div class=\"col-lg-12\">\r\n         <div class=\"heading type_two\"  style='padding: 0px 0px 0px 0px ; margin-bottom: 20px; text-align: left;'>\r\n            <h2 class=\"title_main \" style=\" \">\r\n               Ens adaptem a tu!\r\n            <\/h2>\r\n            <h1 class=\"title_sub \" style=\" \">Descobreix els nostres treballs<\/h1>\r\n            <p><\/p>\r\n         <\/div>\r\n      <\/div>\r\n   <\/div>\r\n<\/div>\r\n[vc_column_text css=&#8221;.vc_custom_1717151839448{padding-bottom: 30px !important;}&#8221;]<\/p>\n<p style=\"text-align: justify;\">Ens especialitzem a crear productes per a la construcci\u00f3 i el manteniment de parcs, espais verds p\u00fablics i privats. Tamb\u00e9 oferim una \u00e0mplia gamma de productes per a la seva decoraci\u00f3.<\/p>\n<div class=\"traductor-checkbox form-group\">\n<div class=\"row\">\n<div class=\"col-sm-offset-2 col-sm-5\"><\/div>\n<\/div>\n<\/div>\n<p>[\/vc_column_text]\r\n<div class=\"custom_button style-1\" style='text-align: center; float: none;'>\r\n   <a href=\"https:\/\/artigarden.es\/ca\/projectes\/\" class=\"themebtn \" style='background-color: #209e2e; border-color: #209e2e;  border-style: solid; font-weight: 600; color: #ffffff; text-transform: uppercase; display: inline-block; line-height: 58px; width: 180px; height: 60px; border-width: 2px; border-radius: 50px; margin: 20px 0px 0px; '>\r\n   Projectes\r\n   <\/a>\t\r\n<\/div>\r\n[\/vc_column][vc_column width=&#8221;1\/2&#8243;]\r\n<div class=\"about_inner_fr  style-6  \">\r\n   \r\n   <div class=\"img_one\"><img decoding=\"async\" src=\"https:\/\/artigarden.es\/wp-content\/uploads\/2024\/05\/Artigarden-Trabajos.jpg\" alt=\"\">\r\n   <\/div>\r\n   \r\n   <div class=\"img_two\">\r\n      <img decoding=\"async\" src=\"\" alt=\"\">\r\n      <span class=\"icon fa fa-leaf\" style=''><\/span>\r\n   <\/div>\r\n   \r\n<\/div>\r\n[\/vc_column][\/vc_row][vc_row css=&#8221;.vc_custom_1587451233250{margin-top: -35px !important;padding-top: 100px !important;padding-right: 15px !important;padding-bottom: 70px !important;padding-left: 15px !important;background-image: url(http:\/\/themepanthers.com\/wp\/lawnella\/wpbakery\/wp-content\/uploads\/2020\/01\/hm-3-awward-bg.jpg?id=360) !important;}&#8221;][vc_column width=&#8221;1\/3&#8243;]\r\n<div  class=\"counter_type_four style-4\">\r\n   <small class=\"icon-tree icon_bg\" style=''><\/small>\r\n   <span class=\"icon-tree icon\" style=''><\/span>\r\n   <h5 class=\"symbol\" style=''>150<\/h5>\r\n   \r\n   <h2 style=''>Projectes realitzats<\/h2>\r\n<\/div>\r\n[\/vc_column][vc_column width=&#8221;1\/3&#8243;]\r\n<div  class=\"counter_type_four style-4\">\r\n   <small class=\"icon-gardener-1 icon_bg\" style=''><\/small>\r\n   <span class=\"icon-gardener-1 icon\" style=''><\/span>\t\r\n   <h5 class=\"symbolwithout\" style=''>23<\/h5>\r\n   \r\n   <h2 style=''>Experts<\/h2>\r\n<\/div>\r\n[\/vc_column][vc_column width=&#8221;1\/3&#8243;]\r\n<div  class=\"counter_type_four style-4\">\r\n   <small class=\"flaticon-customer-review icon_bg\" style=''><\/small>\r\n   <span class=\"flaticon-customer-review icon\" style=''><\/span>\t\r\n   <h5 class=\"symbolwithout\" style=''>180<\/h5>\r\n   \r\n   <h2 style=''>Clients satisfets<\/h2>\r\n<\/div>\r\n[\/vc_column][\/vc_row][vc_row css=&#8221;.vc_custom_1580803476542{padding-top: 100px !important;padding-right: 15px !important;padding-bottom: 100px !important;padding-left: 15px !important;background-image: url(http:\/\/themepanthers.com\/wp\/lawnella\/wpbakery\/wp-content\/uploads\/2020\/02\/home-4contact-bg.jpg?id=765) !important;background-position: center !important;background-repeat: no-repeat !important;background-size: cover !important;}&#8221;][vc_column width=&#8221;1\/3&#8243;]\r\n<div class=\"address_type_four style-4\">\r\n   <div class=\"address_inner\">\r\n      <span class=\"icon-place1 icon\"><\/span>\r\n      <h2>Visita'ns!<\/h2>\r\n      <p> Ctra.La Roca. Km.12, 08105<br \/>\nSant Fost de Campsentelles<\/p>\r\n   <\/div>\r\n<\/div>\r\n[\/vc_column][vc_column width=&#8221;1\/3&#8243;]\r\n<div class=\"address_type_four style-4\">\r\n   <div class=\"address_inner\">\r\n      <span class=\"icon-time-call icon\"><\/span>\r\n      <h2>Truca'ns!<\/h2>\r\n      <p> 935 445 330<br \/>\ninfo@artigarden.es<\/p>\r\n   <\/div>\r\n<\/div>\r\n[\/vc_column][vc_column width=&#8221;1\/3&#8243;]\r\n<div class=\"address_type_four style-4\">\r\n   <div class=\"address_inner\">\r\n      <span class=\"icon-clock icon\"><\/span>\r\n      <h2>Horari<\/h2>\r\n      <p> Dilluns a Divendres<br \/>\nde 7:00h a 17:45h<\/p>\r\n   <\/div>\r\n<\/div>\r\n[\/vc_column][\/vc_row]<\/p>\n<\/div>","protected":false},"excerpt":{"rendered":"<p>[vc_row][vc_column][rev_slider_vc alias=&#8221;inicio-1&#8243;][\/vc_column][\/vc_row][vc_row css=&#8221;.vc_custom_1580387530789{padding-top: 100px !important;padding-right: 15px !important;padding-bottom: 90px !important;padding-left: 15px !important;}&#8221;][vc_column width=&#8221;1\/2&#8243;][\/vc_column][vc_column width=&#8221;1\/2&#8243;][vc_column_text css=&#8221;.vc_custom_1717151470548{padding-bottom: 30px !important;}&#8221;] Artigarden\u00a0som una empresa dedicada al subministrament de materials de jardineria des de fa m\u00e9s&hellip;<\/p>\n","protected":false},"author":1,"featured_media":0,"parent":0,"menu_order":0,"comment_status":"closed","ping_status":"closed","template":"template-homepage.php","meta":{"content-type":"","footnotes":""},"class_list":["post-1906","page","type-page","status-publish","hentry"],"aioseo_notices":[],"_links":{"self":[{"href":"https:\/\/artigarden.es\/ca\/wp-json\/wp\/v2\/pages\/1906","targetHints":{"allow":["GET"]}}],"collection":[{"href":"https:\/\/artigarden.es\/ca\/wp-json\/wp\/v2\/pages"}],"about":[{"href":"https:\/\/artigarden.es\/ca\/wp-json\/wp\/v2\/types\/page"}],"author":[{"embeddable":true,"href":"https:\/\/artigarden.es\/ca\/wp-json\/wp\/v2\/users\/1"}],"replies":[{"embeddable":true,"href":"https:\/\/artigarden.es\/ca\/wp-json\/wp\/v2\/comments?post=1906"}],"version-history":[{"count":6,"href":"https:\/\/artigarden.es\/ca\/wp-json\/wp\/v2\/pages\/1906\/revisions"}],"predecessor-version":[{"id":1954,"href":"https:\/\/artigarden.es\/ca\/wp-json\/wp\/v2\/pages\/1906\/revisions\/1954"}],"wp:attachment":[{"href":"https:\/\/artigarden.es\/ca\/wp-json\/wp\/v2\/media?parent=1906"}],"curies":[{"name":"wp","href":"https:\/\/api.w.org\/{rel}","templated":true}]}}