{"id":1912,"date":"2024-02-20T08:48:23","date_gmt":"2024-02-20T07:48:23","guid":{"rendered":"https:\/\/artigarden.es\/conocenos\/"},"modified":"2024-06-20T11:05:33","modified_gmt":"2024-06-20T09:05:33","slug":"artigarden","status":"publish","type":"page","link":"https:\/\/artigarden.es\/ca\/artigarden\/","title":{"rendered":"Artigarden"},"content":{"rendered":"<div class=\"wpb-content-wrapper\"><p>[vc_row css=&#8221;.vc_custom_1579753641791{padding-top: 70px !important;padding-right: 15px !important;padding-bottom: 80px !important;padding-left: 15px !important;}&#8221;][vc_column]\r\n<div class=\"section-title\">\r\n   <div class=\"row\">\r\n      <div class=\"col-lg-12\">\r\n         <div class=\"heading type_two\"  style='padding: 0px 150px 0px 150px; margin-bottom: 30px; text-align: center;'>\r\n            <h2 class=\"title_main \" style=\" \">\r\n               Sobre nosaltres\r\n            <\/h2>\r\n            <h1 class=\"title_sub \" style=\" \">Experts en jardineria<\/h1>\r\n            <p><\/p>\r\n         <\/div>\r\n      <\/div>\r\n   <\/div>\r\n<\/div>\r\n[vc_row_inner][vc_column_inner width=&#8221;1\/2&#8243; css=&#8221;.vc_custom_1715843328667{padding-top: 50px !important;}&#8221;][vc_column_text css=&#8221;.vc_custom_1717152929980{padding-bottom: 30px !important;}&#8221;]<\/p>\n<p style=\"text-align: justify;\">Artigarden\u00a0som una empresa dedicada al subministrament de materials de jardineria des de fa m\u00e9s de 15 anys.<\/p>\n<p>&nbsp;<\/p>\n<p style=\"text-align: justify;\">Ens especialitzem en crear productes per a la construcci\u00f3 i el manteniment de parcs, espais verds p\u00fablics i privats. Tamb\u00e9 oferim una \u00e0mplia gamma de productes per a la seva decoraci\u00f3.<\/p>\n<p>&nbsp;<\/p>\n<p style=\"text-align: justify;\">Disposem de camions propis, perqu\u00e8 puguis triar segons la teva necessitat i espai, tant saques com material a granel.<\/p>\n<p>[\/vc_column_text][\/vc_column_inner][vc_column_inner width=&#8221;1\/2&#8243;][vc_single_image image=&#8221;1483&#8243; img_size=&#8221;full&#8221; alignment=&#8221;center&#8221;][\/vc_column_inner][\/vc_row_inner][\/vc_column][\/vc_row][vc_row css=&#8221;.vc_custom_1580541804814{padding-top: 100px !important;padding-right: 15px !important;padding-bottom: 100px !important;padding-left: 15px !important;background-image: url(http:\/\/themepanthers.com\/wp\/lawnella\/wpbakery\/wp-content\/uploads\/2020\/01\/features-hme-1-bg.jpg?id=173) !important;}&#8221;][vc_column]\r\n<div class=\"section-title\">\r\n   <div class=\"row\">\r\n      <div class=\"col-lg-12\">\r\n         <div class=\"heading type_two\"  style='padding: 0px 0px 0px 0px ; margin-bottom: 30px; text-align: center;'>\r\n            <h2 class=\"title_main \" style=\" \">\r\n               Productes\r\n            <\/h2>\r\n            <h1 class=\"title_sub \" style=\" \">Descobreix el nostre cat\u00e0leg de productes<\/h1>\r\n            <p><\/p>\r\n         <\/div>\r\n      <\/div>\r\n   <\/div>\r\n<\/div>\r\n[vc_column_text css=&#8221;.vc_custom_1717152989454{padding-bottom: 30px !important;}&#8221;]<\/p>\n<p style=\"text-align: center;\">En\u00a0<strong>Artigarden<\/strong> oferim el compost de terra vegetal, sorra de riu i compost vegetal, per a aconseguir una gespa natural en perfecte estat i perqu\u00e8 en regar penetri b\u00e9. Tamb\u00e9 disposem de diversitat de graves de riu, graves de colors i escor\u00e7a de pi, per a la seva decoraci\u00f3.<\/p>\n<p>[\/vc_column_text][vc_btn title=&#8221;Productes&#8221; style=&#8221;custom&#8221; custom_background=&#8221;#2d9e3a&#8221; custom_text=&#8221;#ffffff&#8221; align=&#8221;center&#8221; link=&#8221;url:https%3A%2F%2Fartigarden.es%2Fca%2Fproductes%2F|title:Productos&#8221;][\/vc_column][\/vc_row]<\/p>\n<\/div>","protected":false},"excerpt":{"rendered":"<p>[vc_row css=&#8221;.vc_custom_1579753641791{padding-top: 70px !important;padding-right: 15px !important;padding-bottom: 80px !important;padding-left: 15px !important;}&#8221;][vc_column][vc_row_inner][vc_column_inner width=&#8221;1\/2&#8243; css=&#8221;.vc_custom_1715843328667{padding-top: 50px !important;}&#8221;][vc_column_text css=&#8221;.vc_custom_1717152929980{padding-bottom: 30px !important;}&#8221;] Artigarden\u00a0som una empresa dedicada al subministrament de materials de jardineria des de fa&hellip;<\/p>\n","protected":false},"author":1,"featured_media":0,"parent":0,"menu_order":0,"comment_status":"closed","ping_status":"closed","template":"template-fullwidth.php","meta":{"content-type":"","footnotes":""},"class_list":["post-1912","page","type-page","status-publish","hentry"],"aioseo_notices":[],"_links":{"self":[{"href":"https:\/\/artigarden.es\/ca\/wp-json\/wp\/v2\/pages\/1912","targetHints":{"allow":["GET"]}}],"collection":[{"href":"https:\/\/artigarden.es\/ca\/wp-json\/wp\/v2\/pages"}],"about":[{"href":"https:\/\/artigarden.es\/ca\/wp-json\/wp\/v2\/types\/page"}],"author":[{"embeddable":true,"href":"https:\/\/artigarden.es\/ca\/wp-json\/wp\/v2\/users\/1"}],"replies":[{"embeddable":true,"href":"https:\/\/artigarden.es\/ca\/wp-json\/wp\/v2\/comments?post=1912"}],"version-history":[{"count":3,"href":"https:\/\/artigarden.es\/ca\/wp-json\/wp\/v2\/pages\/1912\/revisions"}],"predecessor-version":[{"id":1934,"href":"https:\/\/artigarden.es\/ca\/wp-json\/wp\/v2\/pages\/1912\/revisions\/1934"}],"wp:attachment":[{"href":"https:\/\/artigarden.es\/ca\/wp-json\/wp\/v2\/media?parent=1912"}],"curies":[{"name":"wp","href":"https:\/\/api.w.org\/{rel}","templated":true}]}}