{"id":1915,"date":"2024-02-20T08:49:26","date_gmt":"2024-02-20T07:49:26","guid":{"rendered":"https:\/\/artigarden.es\/productos\/"},"modified":"2024-06-20T11:53:17","modified_gmt":"2024-06-20T09:53:17","slug":"productes","status":"publish","type":"page","link":"https:\/\/artigarden.es\/ca\/productes\/","title":{"rendered":"Productes"},"content":{"rendered":"<div class=\"wpb-content-wrapper\"><p>[vc_row css=&#8221;.vc_custom_1579758312742{padding-top: 100px !important;padding-right: 15px !important;padding-bottom: 50px !important;padding-left: 15px !important;}&#8221;][vc_column]\r\n<div class=\"section-title\">\r\n   <div class=\"row\">\r\n      <div class=\"col-lg-12\">\r\n         <div class=\"heading \" style='padding: 0px 250px 0px 250px; margin-bottom: 30px; text-align: center;'\">\r\n            <h1 class=\"title_sub style-3\" style=\"\">Cat\u00e0leg<\/h1>\r\n            <p style=\"\">A Artigarden oferim el compost de terra vegetal, sorra de riu i compost vegetal, per aconseguir una gespa natural en perfecte estat perqu\u00e8 en regar penetri b\u00e9.<\/p>\r\n         <\/div>\r\n      <\/div>\r\n   <\/div>\r\n<\/div>\r\n[\/vc_column][\/vc_row][vc_row css=&#8221;.vc_custom_1716272685949{padding-top: 0px !important;padding-bottom: 20px !important;}&#8221;][vc_column width=&#8221;1\/4&#8243;][vc_single_image image=&#8221;1592&#8243; img_size=&#8221;full&#8221; onclick=&#8221;link_image&#8221;][vc_column_text css=&#8221;.vc_custom_1718876921892{padding-top: 15px !important;}&#8221;]<\/p>\n<h5 style=\"text-align: center;\"><strong><span style=\"color: #2d9e3a;\">Palet de riera 20-40<\/span><\/strong><\/h5>\n<p>[\/vc_column_text][\/vc_column][vc_column width=&#8221;1\/4&#8243;][vc_single_image image=&#8221;1590&#8243; img_size=&#8221;full&#8221; onclick=&#8221;link_image&#8221;][vc_column_text css=&#8221;.vc_custom_1718876935004{padding-top: 15px !important;}&#8221;]<\/p>\n<h5 style=\"text-align: center;\"><strong><span style=\"color: #2d9e3a;\">Palet de riera 12-20<\/span><\/strong><\/h5>\n<p>[\/vc_column_text][\/vc_column][vc_column width=&#8221;1\/4&#8243;][vc_single_image image=&#8221;1591&#8243; img_size=&#8221;full&#8221; onclick=&#8221;link_image&#8221;][vc_column_text css=&#8221;.vc_custom_1718876947779{padding-top: 15px !important;}&#8221;]<\/p>\n<h5 style=\"text-align: center;\"><strong><span style=\"color: #2d9e3a;\">Palet de riera 20-40<\/span><\/strong><\/h5>\n<p>[\/vc_column_text][\/vc_column][vc_column width=&#8221;1\/4&#8243;][vc_single_image image=&#8221;1598&#8243; img_size=&#8221;full&#8221; onclick=&#8221;link_image&#8221;][vc_column_text css=&#8221;.vc_custom_1718876966683{padding-top: 15px !important;}&#8221;]<\/p>\n<h5 style=\"text-align: center;\"><strong><span style=\"color: #2d9e3a;\">Ull de perdiu de riu<\/span><\/strong><\/h5>\n<p>[\/vc_column_text][\/vc_column][\/vc_row][vc_row css=&#8221;.vc_custom_1716272787489{padding-top: 0px !important;padding-bottom: 20px !important;}&#8221;][vc_column width=&#8221;1\/4&#8243;][vc_single_image image=&#8221;1616&#8243; img_size=&#8221;full&#8221; onclick=&#8221;link_image&#8221;][vc_column_text css=&#8221;.vc_custom_1718876984875{padding-top: 15px !important;}&#8221;]<\/p>\n<h5 style=\"text-align: center;\"><strong><span style=\"color: #2d9e3a;\">Cigronet de riu<\/span><\/strong><\/h5>\n<p>[\/vc_column_text][\/vc_column][vc_column width=&#8221;1\/4&#8243;][vc_single_image image=&#8221;1614&#8243; img_size=&#8221;full&#8221; onclick=&#8221;link_image&#8221;][vc_column_text css=&#8221;.vc_custom_1718876992339{padding-top: 15px !important;}&#8221;]<\/p>\n<h5 style=\"text-align: center;\"><strong><span style=\"color: #2d9e3a;\">Barreja<\/span><\/strong><\/h5>\n<p>[\/vc_column_text][\/vc_column][vc_column width=&#8221;1\/4&#8243;][vc_single_image image=&#8221;1597&#8243; img_size=&#8221;full&#8221; onclick=&#8221;link_image&#8221;][vc_column_text css=&#8221;.vc_custom_1718877002798{padding-top: 15px !important;}&#8221;]<\/p>\n<h5 style=\"text-align: center;\"><strong><span style=\"color: #2d9e3a;\">Grava Marmolina rosa 7-12<\/span><\/strong><\/h5>\n<p>[\/vc_column_text][\/vc_column][vc_column width=&#8221;1\/4&#8243;][vc_single_image image=&#8221;1587&#8243; img_size=&#8221;full&#8221; onclick=&#8221;link_image&#8221;][vc_column_text css=&#8221;.vc_custom_1718877145172{padding-top: 15px !important;}&#8221;]<\/p>\n<h5 style=\"text-align: center;\"><strong><span style=\"color: #2d9e3a;\">Terra Santa Coloma<\/span><\/strong><\/h5>\n<p>[\/vc_column_text][\/vc_column][\/vc_row][vc_row css=&#8221;.vc_custom_1716272792862{padding-top: 0px !important;padding-bottom: 20px !important;}&#8221;][vc_column width=&#8221;1\/4&#8243;][vc_single_image image=&#8221;1596&#8243; img_size=&#8221;full&#8221; onclick=&#8221;link_image&#8221;][vc_column_text css=&#8221;.vc_custom_1718877019130{padding-top: 15px !important;}&#8221;]<\/p>\n<h5 style=\"text-align: center;\"><strong><span style=\"color: #2d9e3a;\">Grava Marmolina roja 12-20<\/span><\/strong><\/h5>\n<p>[\/vc_column_text][\/vc_column][vc_column width=&#8221;1\/4&#8243;][vc_single_image image=&#8221;1594&#8243; img_size=&#8221;full&#8221; onclick=&#8221;link_image&#8221;][vc_column_text css=&#8221;.vc_custom_1718877033762{padding-top: 15px !important;}&#8221;]<\/p>\n<h5 style=\"text-align: center;\"><strong><span style=\"color: #2d9e3a;\">Escor\u00e7a decorativa 25-50<\/span><\/strong><\/h5>\n<p>[\/vc_column_text][\/vc_column][vc_column width=&#8221;1\/4&#8243;][vc_single_image image=&#8221;1599&#8243; img_size=&#8221;full&#8221; onclick=&#8221;link_image&#8221;][vc_column_text css=&#8221;.vc_custom_1718877049150{padding-top: 15px !important;}&#8221;]<\/p>\n<h5 style=\"text-align: center;\"><strong><span style=\"color: #2d9e3a;\">Saul\u00f3 garbejat natural<\/span><\/strong><\/h5>\n<p>[\/vc_column_text][\/vc_column][vc_column width=&#8221;1\/4&#8243;][vc_single_image image=&#8221;1600&#8243; img_size=&#8221;full&#8221; onclick=&#8221;link_image&#8221;][vc_column_text css=&#8221;.vc_custom_1718877060446{padding-top: 15px !important;}&#8221;]<\/p>\n<h5 style=\"text-align: center;\"><strong><span style=\"color: #2d9e3a;\">Saulo reciclat<\/span><\/strong><\/h5>\n<p>[\/vc_column_text][\/vc_column][\/vc_row][vc_row css=&#8221;.vc_custom_1716272798384{padding-top: 0px !important;padding-bottom: 20px !important;}&#8221;][vc_column width=&#8221;1\/4&#8243;][vc_single_image image=&#8221;1588&#8243; img_size=&#8221;full&#8221; onclick=&#8221;link_image&#8221;][vc_column_text css=&#8221;.vc_custom_1718877137700{padding-top: 15px !important;}&#8221;]<\/p>\n<h5 style=\"text-align: center;\"><strong><span style=\"color: #2d9e3a;\">Terra de s\u00edlice<\/span><\/strong><\/h5>\n<p>[\/vc_column_text][\/vc_column][vc_column width=&#8221;1\/4&#8243;][vc_single_image image=&#8221;1593&#8243; img_size=&#8221;full&#8221; onclick=&#8221;link_image&#8221;][vc_column_text css=&#8221;.vc_custom_1716793436214{padding-top: 15px !important;}&#8221;]<\/p>\n<h5 style=\"text-align: center;\"><strong><span style=\"color: #2d9e3a;\">Compost<\/span><\/strong><\/h5>\n<p>[\/vc_column_text][\/vc_column][vc_column width=&#8221;1\/4&#8243;][vc_single_image image=&#8221;1601&#8243; img_size=&#8221;full&#8221; onclick=&#8221;link_image&#8221;][vc_column_text css=&#8221;.vc_custom_1718877130140{padding-top: 15px !important;}&#8221;]<\/p>\n<h5 style=\"text-align: center;\"><strong><span style=\"color: #2d9e3a;\">Terra abonada vegetal<\/span><\/strong><\/h5>\n<p>[\/vc_column_text][\/vc_column][vc_column width=&#8221;1\/4&#8243;][vc_single_image image=&#8221;1602&#8243; img_size=&#8221;full&#8221; onclick=&#8221;link_image&#8221;][vc_column_text css=&#8221;.vc_custom_1718877120592{padding-top: 15px !important;}&#8221;]<\/p>\n<h5 style=\"text-align: center;\"><strong><span style=\"color: #2d9e3a;\">Terra d&#8217;enceball<\/span><\/strong><\/h5>\n<p>[\/vc_column_text][\/vc_column][\/vc_row][vc_row css=&#8221;.vc_custom_1716274213330{padding-top: 0px !important;padding-bottom: 50px !important;}&#8221;][vc_column width=&#8221;1\/4&#8243;][\/vc_column][vc_column width=&#8221;1\/4&#8243;][vc_single_image image=&#8221;1604&#8243; img_size=&#8221;full&#8221; onclick=&#8221;link_image&#8221;][vc_column_text css=&#8221;.vc_custom_1718877177048{padding-top: 15px !important;}&#8221;]<\/p>\n<h5 style=\"text-align: center;\"><strong><span style=\"color: #2d9e3a;\">Tot-\u00fa gran\u00edtic<\/span><\/strong><\/h5>\n<p>[\/vc_column_text][\/vc_column][vc_column width=&#8221;1\/4&#8243;][vc_single_image image=&#8221;1603&#8243; img_size=&#8221;full&#8221; onclick=&#8221;link_image&#8221;][vc_column_text css=&#8221;.vc_custom_1718877191624{padding-top: 15px !important;}&#8221;]<\/p>\n<h5 style=\"text-align: center;\"><strong><span style=\"color: #2d9e3a;\">Tot-\u00fa<\/span><\/strong><\/h5>\n<p>[\/vc_column_text][\/vc_column][vc_column width=&#8221;1\/4&#8243;][\/vc_column][\/vc_row][vc_row css=&#8221;.vc_custom_1716273714239{padding-top: 100px !important;padding-right: 15px !important;padding-bottom: 70px !important;padding-left: 15px !important;background-image: url(https:\/\/artigarden.es\/wp-content\/uploads\/2020\/01\/get-a-quote-home-1-bg.jpg?id=221) !important;}&#8221;][vc_column][vc_row_inner css=&#8221;.vc_custom_1716273936141{padding-bottom: 15px !important;}&#8221;][vc_column_inner][vc_column_text]<\/p>\n<h2 style=\"text-align: center;\"><span style=\"color: #000000;\">Vols sol\u00b7licitar la fitxa t\u00e8cnica o mostra d&#8217;algun dels nostres productes?<\/span><\/h2>\n<p>&nbsp;<\/p>\n<h5 style=\"text-align: center;\"><span style=\"color: #ffffff;\">Pots emplenar el seg\u00fcent formulari o posar-te en contacte amb nosaltres a trav\u00e9s del nostre tel\u00e8fon 93 544 53 30<\/span><\/h5>\n<p>[\/vc_column_text][\/vc_column_inner][\/vc_row_inner][vc_row_inner css=&#8221;.vc_custom_1716274038524{padding-top: 15px !important;}&#8221;][vc_column_inner]\n<div class=\"wpcf7 no-js\" id=\"wpcf7-f1918-o1\" lang=\"en-US\" dir=\"ltr\">\n<div class=\"screen-reader-response\"><p role=\"status\" aria-live=\"polite\" aria-atomic=\"true\"><\/p> <ul><\/ul><\/div>\n<form action=\"\/ca\/wp-json\/wp\/v2\/pages\/1915#wpcf7-f1918-o1\" method=\"post\" class=\"wpcf7-form init\" aria-label=\"Contact form\" novalidate=\"novalidate\" data-status=\"init\">\n<div style=\"display: none;\">\n<input type=\"hidden\" name=\"_wpcf7\" value=\"1918\" \/>\n<input type=\"hidden\" name=\"_wpcf7_version\" value=\"5.9.8\" \/>\n<input type=\"hidden\" name=\"_wpcf7_locale\" value=\"en_US\" \/>\n<input type=\"hidden\" name=\"_wpcf7_unit_tag\" value=\"wpcf7-f1918-o1\" \/>\n<input type=\"hidden\" name=\"_wpcf7_container_post\" value=\"0\" \/>\n<input type=\"hidden\" name=\"_wpcf7_posted_data_hash\" value=\"\" \/>\n<\/div>\n<div class=\"form_contact two_t\">\n\t<div class=\"row\">\n\t\t<div class=\"col-lg-6 col-md-6 col-sm-12\">\n\t\t\t<div class=\"form-group\">\n\t\t\t\t<p><span class=\"wpcf7-form-control-wrap\" data-name=\"your-name\"><input size=\"40\" maxlength=\"400\" class=\"wpcf7-form-control wpcf7-text wpcf7-validates-as-required\" aria-required=\"true\" aria-invalid=\"false\" placeholder=\"Nom\" value=\"\" type=\"text\" name=\"your-name\" \/><\/span>\n\t\t\t\t<\/p>\n\t\t\t<\/div>\n\t\t<\/div>\n\t\t<div class=\"col-lg-6 col-md-6 col-sm-12\">\n\t\t\t<div class=\"form-group\">\n\t\t\t\t<p><span class=\"wpcf7-form-control-wrap\" data-name=\"your-email\"><input size=\"40\" maxlength=\"400\" class=\"wpcf7-form-control wpcf7-email wpcf7-validates-as-required wpcf7-text wpcf7-validates-as-email\" aria-required=\"true\" aria-invalid=\"false\" placeholder=\"Correu\" value=\"\" type=\"email\" name=\"your-email\" \/><\/span>\n\t\t\t\t<\/p>\n\t\t\t<\/div>\n\t\t<\/div>\n\t\t<div class=\"col-lg-6 col-md-6 col-sm-12\">\n\t\t\t<div class=\"form-group\">\n\t\t\t\t<p><span class=\"wpcf7-form-control-wrap\" data-name=\"your-service\"><select class=\"wpcf7-form-control wpcf7-select wpcf7-validates-as-required\" id=\"service\" aria-required=\"true\" aria-invalid=\"false\" name=\"your-service\"><option value=\"Sol\u00b7licitar fitxa t\u00e8cnica en PDF\">Sol\u00b7licitar fitxa t\u00e8cnica en PDF<\/option><option value=\"Sol\u00b7licitar mostra\">Sol\u00b7licitar mostra<\/option><option value=\"Vull rebre una oferta\">Vull rebre una oferta<\/option><option value=\"Vull fer una consulta\">Vull fer una consulta<\/option><\/select><\/span>\n\t\t\t\t<\/p>\n\t\t\t<\/div>\n\t\t<\/div>\n\t\t<div class=\"col-lg-6 col-md-6 col-sm-12\">\n\t\t\t<div class=\"form-group\">\n\t\t\t\t<p><span class=\"wpcf7-form-control-wrap\" data-name=\"your-name\"><input size=\"40\" maxlength=\"400\" class=\"wpcf7-form-control wpcf7-text wpcf7-validates-as-required\" aria-required=\"true\" aria-invalid=\"false\" placeholder=\"Indica producte\" value=\"\" type=\"text\" name=\"your-name\" \/><\/span>\n\t\t\t\t<\/p>\n\t\t\t<\/div>\n\t\t<\/div>\n\t\t<div class=\"col-lg-6 col-md-6 col-sm-12\">\n\t\t\t<div class=\"form-group\">\n\t\t\t\t<p><span class=\"wpcf7-form-control-wrap\" data-name=\"your-phone\"><input size=\"40\" maxlength=\"400\" class=\"wpcf7-form-control wpcf7-text wpcf7-validates-as-required\" aria-required=\"true\" aria-invalid=\"false\" placeholder=\"Tel\u00e8fon\" value=\"\" type=\"text\" name=\"your-phone\" \/><\/span>\n\t\t\t\t<\/p>\n\t\t\t<\/div>\n\t\t<\/div>\n\t\t<div class=\"col-lg-6 col-md-6 col-sm-12\">\n\t\t\t<div class=\"form-group\">\n\t\t\t\t<p><span class=\"wpcf7-form-control-wrap\" data-name=\"your-empresa\"><input size=\"40\" maxlength=\"400\" class=\"wpcf7-form-control wpcf7-text wpcf7-validates-as-required\" aria-required=\"true\" aria-invalid=\"false\" placeholder=\"Empresa\" value=\"\" type=\"text\" name=\"your-empresa\" \/><\/span>\n\t\t\t\t<\/p>\n\t\t\t<\/div>\n\t\t<\/div>\n\t\t<div class=\"col-lg-12 col-md-12 col-sm-12\">\n\t\t\t<div class=\"form-group\">\n\t\t\t\t<p><span class=\"wpcf7-form-control-wrap\" data-name=\"your-message\"><textarea cols=\"40\" rows=\"10\" maxlength=\"2000\" class=\"wpcf7-form-control wpcf7-textarea wpcf7-validates-as-required\" aria-required=\"true\" aria-invalid=\"false\" placeholder=\"Informaci\u00f3 addicional (Opcional)\" name=\"your-message\"><\/textarea><\/span>\n\t\t\t\t<\/p>\n\t\t\t<\/div>\n\t\t<\/div>\n\t\t<div class=\"col-lg-8 col-md-8 col-sm-12\">\n\t\t\t<div class=\"form-group mg_top check_box\">\n\t\t\t\t<p><span class=\"wpcf7-form-control-wrap\" data-name=\"acepta-comunicaciones\"><span class=\"wpcf7-form-control wpcf7-acceptance optional\"><span class=\"wpcf7-list-item\"><label><input type=\"checkbox\" name=\"acepta-comunicaciones\" value=\"1\" aria-invalid=\"false\" \/><span class=\"wpcf7-list-item-label\"><span style=\"color: white !important\">He llegit i accepto l'enviament d'informaci\u00f3 comercial<\/span><\/span><\/label><\/span><\/span><\/span>\n\t\t\t\t<\/p>\n\t\t\t<\/div>\n\t\t<\/div>\n\t\t<div class=\"col-lg-8 col-md-8 col-sm-12\">\n\t\t\t<div class=\"form-group mg_top check_box\">\n\t\t\t\t<p><span class=\"wpcf7-form-control-wrap\" data-name=\"acepta-privacidad\"><span class=\"wpcf7-form-control wpcf7-acceptance\"><span class=\"wpcf7-list-item\"><label><input type=\"checkbox\" name=\"acepta-privacidad\" value=\"1\" aria-invalid=\"false\" \/><span class=\"wpcf7-list-item-label\"><span style=\"color: white !important\">He llegit i accepto <a style=\"color: white !important; text-decoration: underline\" href=\"https:\/\/artigarden.es\/politica-privacidad\/\" target=\"_blank\"> la Pol\u00edtica de privacitat <\/a><\/span><\/label><\/span><\/span><\/span>\n\t\t\t\t<\/p>\n\t\t\t<\/div>\n\t\t<\/div>\n\t\t<div class=\"col-lg-4 col-md-4 col-sm-12\">\n\t\t\t<div class=\"form-group mg_top apbtn\">\n\t\t\t\t<p><input class=\"wpcf7-form-control wpcf7-submit has-spinner theme_btn\" type=\"submit\" value=\"Enviar\" \/>\n\t\t\t\t<\/p>\n\t\t\t<\/div>\n\t\t<\/div>\n\t<\/div>\n<\/div><div class=\"wpcf7-response-output\" aria-hidden=\"true\"><\/div>\n<\/form>\n<\/div>\n[\/vc_column_inner][\/vc_row_inner][\/vc_column][\/vc_row]<\/p>\n<\/div>","protected":false},"excerpt":{"rendered":"<p>[vc_row css=&#8221;.vc_custom_1579758312742{padding-top: 100px !important;padding-right: 15px !important;padding-bottom: 50px !important;padding-left: 15px !important;}&#8221;][vc_column][\/vc_column][\/vc_row][vc_row css=&#8221;.vc_custom_1716272685949{padding-top: 0px !important;padding-bottom: 20px !important;}&#8221;][vc_column width=&#8221;1\/4&#8243;][vc_single_image image=&#8221;1592&#8243; img_size=&#8221;full&#8221; onclick=&#8221;link_image&#8221;][vc_column_text css=&#8221;.vc_custom_1718876921892{padding-top: 15px !important;}&#8221;] Palet de riera 20-40 [\/vc_column_text][\/vc_column][vc_column width=&#8221;1\/4&#8243;][vc_single_image image=&#8221;1590&#8243; img_size=&#8221;full&#8221;&hellip;<\/p>\n","protected":false},"author":1,"featured_media":0,"parent":0,"menu_order":0,"comment_status":"closed","ping_status":"closed","template":"template-fullwidth.php","meta":{"content-type":"","footnotes":""},"class_list":["post-1915","page","type-page","status-publish","hentry"],"aioseo_notices":[],"_links":{"self":[{"href":"https:\/\/artigarden.es\/ca\/wp-json\/wp\/v2\/pages\/1915","targetHints":{"allow":["GET"]}}],"collection":[{"href":"https:\/\/artigarden.es\/ca\/wp-json\/wp\/v2\/pages"}],"about":[{"href":"https:\/\/artigarden.es\/ca\/wp-json\/wp\/v2\/types\/page"}],"author":[{"embeddable":true,"href":"https:\/\/artigarden.es\/ca\/wp-json\/wp\/v2\/users\/1"}],"replies":[{"embeddable":true,"href":"https:\/\/artigarden.es\/ca\/wp-json\/wp\/v2\/comments?post=1915"}],"version-history":[{"count":6,"href":"https:\/\/artigarden.es\/ca\/wp-json\/wp\/v2\/pages\/1915\/revisions"}],"predecessor-version":[{"id":1946,"href":"https:\/\/artigarden.es\/ca\/wp-json\/wp\/v2\/pages\/1915\/revisions\/1946"}],"wp:attachment":[{"href":"https:\/\/artigarden.es\/ca\/wp-json\/wp\/v2\/media?parent=1915"}],"curies":[{"name":"wp","href":"https:\/\/api.w.org\/{rel}","templated":true}]}}