{"id":1925,"date":"2024-05-16T10:24:13","date_gmt":"2024-05-16T08:24:13","guid":{"rendered":"https:\/\/artigarden.es\/nuestros-trabajo\/"},"modified":"2024-06-20T11:20:26","modified_gmt":"2024-06-20T09:20:26","slug":"projectes","status":"publish","type":"page","link":"https:\/\/artigarden.es\/ca\/projectes\/","title":{"rendered":"Projectes"},"content":{"rendered":"<div class=\"wpb-content-wrapper\"><p>[vc_row css=&#8221;.vc_custom_1579753641791{padding-top: 70px !important;padding-right: 15px !important;padding-bottom: 80px !important;padding-left: 15px !important;}&#8221;][vc_column]\r\n<div class=\"section-title\">\r\n   <div class=\"row\">\r\n      <div class=\"col-lg-12\">\r\n         <div class=\"heading type_two\"  style='padding: 0px 150px 0px 150px; margin-bottom: 30px; text-align: center;'>\r\n            <h2 class=\"title_main \" style=\" \">\r\n               Ens adaptem a tu!\r\n            <\/h2>\r\n            <h1 class=\"title_sub \" style=\" \">Descobreix els nostres projectes<\/h1>\r\n            <p><\/p>\r\n         <\/div>\r\n      <\/div>\r\n   <\/div>\r\n<\/div>\r\n[vc_row_inner][vc_column_inner width=&#8221;1\/3&#8243;]\r\n<div class=\"awards_type_two  image_sct\">\r\n   <div class=\"awards_inner\">\r\n      <img decoding=\"async\" src=\"https:\/\/artigarden.es\/wp-content\/uploads\/2024\/05\/Artigarden-parque.jpg\" alt=\"Acabats parc\" \/>\r\n      <div class=\"award_highlight_txt\">\r\n         <h6 style=''><span class=\"\" style=''><\/span>Acabats parc <span class=\" second\" style=''><\/span><\/h6>\r\n      <\/div>\r\n   <\/div>\r\n<\/div>\r\n[\/vc_column_inner][vc_column_inner width=&#8221;1\/3&#8243;][vc_single_image image=&#8221;1524&#8243; img_size=&#8221;full&#8221; alignment=&#8221;center&#8221;][\/vc_column_inner][vc_column_inner width=&#8221;1\/3&#8243;][vc_single_image image=&#8221;1525&#8243; img_size=&#8221;full&#8221; alignment=&#8221;center&#8221;][\/vc_column_inner][\/vc_row_inner][vc_row_inner][vc_column_inner width=&#8221;1\/3&#8243;]\r\n<div class=\"awards_type_two  image_sct\">\r\n   <div class=\"awards_inner\">\r\n      <img decoding=\"async\" src=\"https:\/\/artigarden.es\/wp-content\/uploads\/2024\/05\/Artigarden-via-publica.jpg\" alt=\"Via p\u00fablica\" \/>\r\n      <div class=\"award_highlight_txt\">\r\n         <h6 style=''><span class=\"\" style=''><\/span>Via p\u00fablica <span class=\" second\" style=''><\/span><\/h6>\r\n      <\/div>\r\n   <\/div>\r\n<\/div>\r\n[\/vc_column_inner][vc_column_inner width=&#8221;1\/3&#8243;][vc_single_image image=&#8221;1528&#8243; img_size=&#8221;full&#8221; alignment=&#8221;center&#8221;][\/vc_column_inner][vc_column_inner width=&#8221;1\/3&#8243;][vc_single_image image=&#8221;1529&#8243; img_size=&#8221;full&#8221; alignment=&#8221;center&#8221;][\/vc_column_inner][\/vc_row_inner][vc_row_inner][vc_column_inner width=&#8221;1\/3&#8243;]\r\n<div class=\"awards_type_two  image_sct\">\r\n   <div class=\"awards_inner\">\r\n      <img decoding=\"async\" src=\"https:\/\/artigarden.es\/wp-content\/uploads\/2024\/05\/Artigarden-colegios-2.jpg\" alt=\"Col\u00b7legis\" \/>\r\n      <div class=\"award_highlight_txt\">\r\n         <h6 style=''><span class=\"\" style=''><\/span>Col\u00b7legis <span class=\" second\" style=''><\/span><\/h6>\r\n      <\/div>\r\n   <\/div>\r\n<\/div>\r\n[\/vc_column_inner][vc_column_inner width=&#8221;1\/3&#8243;][vc_single_image image=&#8221;1532&#8243; img_size=&#8221;full&#8221; alignment=&#8221;center&#8221;][\/vc_column_inner][vc_column_inner width=&#8221;1\/3&#8243;][vc_single_image image=&#8221;1533&#8243; img_size=&#8221;full&#8221; alignment=&#8221;center&#8221;][\/vc_column_inner][\/vc_row_inner][vc_row_inner][vc_column_inner width=&#8221;1\/3&#8243;]\r\n<div class=\"awards_type_two  image_sct\">\r\n   <div class=\"awards_inner\">\r\n      <img decoding=\"async\" src=\"https:\/\/artigarden.es\/wp-content\/uploads\/2024\/05\/Artigarden-exteriores-3.jpg\" alt=\"Exteriors\" \/>\r\n      <div class=\"award_highlight_txt\">\r\n         <h6 style=''><span class=\"\" style=''><\/span>Exteriors <span class=\" second\" style=''><\/span><\/h6>\r\n      <\/div>\r\n   <\/div>\r\n<\/div>\r\n[\/vc_column_inner][vc_column_inner width=&#8221;1\/3&#8243;][vc_single_image image=&#8221;1536&#8243; img_size=&#8221;full&#8221; alignment=&#8221;center&#8221;][\/vc_column_inner][vc_column_inner width=&#8221;1\/3&#8243;][vc_single_image image=&#8221;1537&#8243; img_size=&#8221;full&#8221; alignment=&#8221;center&#8221;][\/vc_column_inner][\/vc_row_inner][\/vc_column][\/vc_row][vc_row css=&#8221;.vc_custom_1580541804814{padding-top: 100px !important;padding-right: 15px !important;padding-bottom: 100px !important;padding-left: 15px !important;background-image: url(http:\/\/themepanthers.com\/wp\/lawnella\/wpbakery\/wp-content\/uploads\/2020\/01\/features-hme-1-bg.jpg?id=173) !important;}&#8221;][vc_column]\r\n<div class=\"section-title\">\r\n   <div class=\"row\">\r\n      <div class=\"col-lg-12\">\r\n         <div class=\"heading type_two\"  style='padding: 0px 0px 0px 0px ; margin-bottom: 30px; text-align: center;'>\r\n            <h2 class=\"title_main \" style=\" \">\r\n               Productos\r\n            <\/h2>\r\n            <h1 class=\"title_sub \" style=\" \">Descobreix el nostre cat\u00e0leg de productes<\/h1>\r\n            <p><\/p>\r\n         <\/div>\r\n      <\/div>\r\n   <\/div>\r\n<\/div>\r\n[vc_column_text css=&#8221;.vc_custom_1717154732712{padding-bottom: 30px !important;}&#8221;]<\/p>\n<p style=\"text-align: center;\">A <strong>Artigarden<\/strong> oferim el compost de terra vegetal, sorra de riu i compost vegetal, per a aconseguir una gespa natural en perfecte estat i perqu\u00e8 en regar penetri b\u00e9. Tamb\u00e9 disposem de diversitat de graves de riu, graves de colors i escor\u00e7a de pi, per a la seva decoraci\u00f3.<\/p>\n<p>[\/vc_column_text][vc_btn title=&#8221;Productes&#8221; style=&#8221;custom&#8221; custom_background=&#8221;#2d9e3a&#8221; custom_text=&#8221;#ffffff&#8221; align=&#8221;center&#8221; link=&#8221;url:https%3A%2F%2Fartigarden.es%2Fca%2Fproductes%2F|title:Productos&#8221;][\/vc_column][\/vc_row]<\/p>\n<\/div>","protected":false},"excerpt":{"rendered":"<p>[vc_row css=&#8221;.vc_custom_1579753641791{padding-top: 70px !important;padding-right: 15px !important;padding-bottom: 80px !important;padding-left: 15px !important;}&#8221;][vc_column][vc_row_inner][vc_column_inner width=&#8221;1\/3&#8243;][\/vc_column_inner][vc_column_inner width=&#8221;1\/3&#8243;][vc_single_image image=&#8221;1524&#8243; img_size=&#8221;full&#8221; alignment=&#8221;center&#8221;][\/vc_column_inner][vc_column_inner width=&#8221;1\/3&#8243;][vc_single_image image=&#8221;1525&#8243; img_size=&#8221;full&#8221; alignment=&#8221;center&#8221;][\/vc_column_inner][\/vc_row_inner][vc_row_inner][vc_column_inner width=&#8221;1\/3&#8243;][\/vc_column_inner][vc_column_inner width=&#8221;1\/3&#8243;][vc_single_image image=&#8221;1528&#8243; img_size=&#8221;full&#8221; alignment=&#8221;center&#8221;][\/vc_column_inner][vc_column_inner width=&#8221;1\/3&#8243;][vc_single_image image=&#8221;1529&#8243; img_size=&#8221;full&#8221; alignment=&#8221;center&#8221;][\/vc_column_inner][\/vc_row_inner][vc_row_inner][vc_column_inner width=&#8221;1\/3&#8243;][\/vc_column_inner][vc_column_inner width=&#8221;1\/3&#8243;][vc_single_image&hellip;<\/p>\n","protected":false},"author":1,"featured_media":0,"parent":0,"menu_order":0,"comment_status":"closed","ping_status":"closed","template":"template-fullwidth.php","meta":{"content-type":"","footnotes":""},"class_list":["post-1925","page","type-page","status-publish","hentry"],"aioseo_notices":[],"_links":{"self":[{"href":"https:\/\/artigarden.es\/ca\/wp-json\/wp\/v2\/pages\/1925","targetHints":{"allow":["GET"]}}],"collection":[{"href":"https:\/\/artigarden.es\/ca\/wp-json\/wp\/v2\/pages"}],"about":[{"href":"https:\/\/artigarden.es\/ca\/wp-json\/wp\/v2\/types\/page"}],"author":[{"embeddable":true,"href":"https:\/\/artigarden.es\/ca\/wp-json\/wp\/v2\/users\/1"}],"replies":[{"embeddable":true,"href":"https:\/\/artigarden.es\/ca\/wp-json\/wp\/v2\/comments?post=1925"}],"version-history":[{"count":3,"href":"https:\/\/artigarden.es\/ca\/wp-json\/wp\/v2\/pages\/1925\/revisions"}],"predecessor-version":[{"id":1937,"href":"https:\/\/artigarden.es\/ca\/wp-json\/wp\/v2\/pages\/1925\/revisions\/1937"}],"wp:attachment":[{"href":"https:\/\/artigarden.es\/ca\/wp-json\/wp\/v2\/media?parent=1925"}],"curies":[{"name":"wp","href":"https:\/\/api.w.org\/{rel}","templated":true}]}}